{"id":117,"date":"2022-10-22T16:37:42","date_gmt":"2022-10-22T14:37:42","guid":{"rendered":"http:\/\/www.plandaten.de\/chronofiles\/?page_id=117"},"modified":"2025-11-28T09:27:51","modified_gmt":"2025-11-28T08:27:51","slug":"ueber-den-autor","status":"publish","type":"page","link":"https:\/\/www.plandaten.de\/chronofiles\/ueber-den-autor\/","title":{"rendered":"\u00dcber den Autor"},"content":{"rendered":"\n<h3 class=\"wp-block-heading\"><strong>Harald Brosi ist Bauingenieur<\/strong>.<\/h3>\n\n\n\n<p>Tragwerk, Statik, energetische Konzepte und \u00f6kologische Solararchitektur sind seine Profession, die Architektur der Moderne und der zeitgen\u00f6ssischen Kunst in allen Facetten seine Leidenschaft. Dies erfordert nachdenken, analysieren, forschen, konzipieren, entwerfen, erfinden, sammeln, kuratieren, koordinieren, schreiben, ver\u00f6ffentlichen [1], vermitteln, beraten, unternehmen und zu allererst stetiges lernen.<\/p>\n\n\n\n<p>Gepr\u00e4gt durch die aufkommende \u00d6kobewegung der 80er, hat er zusammen mit Ingrid die sun-box geplant und gebaut, ein seit \u00fcber 30 Jahren andauerndes, interdisziplin\u00e4res Laborexperiment des modernen, solaren, bioklimatischen Wohnens.<\/p>\n\n\n\n<p>Sein Blog <em>\u201echronofiles\u201c<\/em> berichtet \u00fcber <em>\u201eNeues aus der sun-box\u201c<\/em>.<\/p>\n\n\n\n<p><\/p>\n\n\n\n<p>[1]Harald Brosi hat ausser den chronofiles folgende Internetseiten konzipiert, inhaltlich definiert und initial erstellt: www.planbrosi.de, www.sun-box.de, www.richard-gruber.de, www.kunstverein-schrobenhausen.de, www.zklenbach.de, www.brosi-tiefbau.de und \u00fcber die Jahre immer wieder reformiert oder beratend unterst\u00fctzt. Er blogt und ver\u00f6ffentlicht unter anderem f\u00fcr die chronofiles, ZKLenbach, Kunstverein Schrobenhausen.<\/p>\n\n\n\n<p><\/p>\n","protected":false},"excerpt":{"rendered":"<p>Harald Brosi ist Bauingenieur. Tragwerk, Statik, energetische Konzepte und \u00f6kologische Solararchitektur sind seine Profession, die Architektur der Moderne und der zeitgen\u00f6ssischen Kunst in allen Facetten seine Leidenschaft. Dies erfordert nachdenken, analysieren, forschen, konzipieren, entwerfen, erfinden, sammeln, kuratieren, koordinieren, schreiben, ver\u00f6ffentlichen [1], vermitteln, beraten, unternehmen und zu allererst stetiges lernen. Gepr\u00e4gt durch die aufkommende \u00d6kobewegung der&#8230; <a class=\"more-link\" href=\"https:\/\/www.plandaten.de\/chronofiles\/ueber-den-autor\/\">[&#8230;]<\/a><\/p>\n","protected":false},"author":1,"featured_media":0,"parent":0,"menu_order":0,"comment_status":"closed","ping_status":"closed","template":"","meta":[],"_links":{"self":[{"href":"https:\/\/www.plandaten.de\/chronofiles\/wp-json\/wp\/v2\/pages\/117"}],"collection":[{"href":"https:\/\/www.plandaten.de\/chronofiles\/wp-json\/wp\/v2\/pages"}],"about":[{"href":"https:\/\/www.plandaten.de\/chronofiles\/wp-json\/wp\/v2\/types\/page"}],"author":[{"embeddable":true,"href":"https:\/\/www.plandaten.de\/chronofiles\/wp-json\/wp\/v2\/users\/1"}],"replies":[{"embeddable":true,"href":"https:\/\/www.plandaten.de\/chronofiles\/wp-json\/wp\/v2\/comments?post=117"}],"version-history":[{"count":45,"href":"https:\/\/www.plandaten.de\/chronofiles\/wp-json\/wp\/v2\/pages\/117\/revisions"}],"predecessor-version":[{"id":1058,"href":"https:\/\/www.plandaten.de\/chronofiles\/wp-json\/wp\/v2\/pages\/117\/revisions\/1058"}],"wp:attachment":[{"href":"https:\/\/www.plandaten.de\/chronofiles\/wp-json\/wp\/v2\/media?parent=117"}],"curies":[{"name":"wp","href":"https:\/\/api.w.org\/{rel}","templated":true}]}}