{"id":13,"date":"2020-03-28T12:10:40","date_gmt":"2020-03-28T11:10:40","guid":{"rendered":"http:\/\/www.plandaten.de\/chronofiles\/?page_id=13"},"modified":"2025-11-30T17:57:31","modified_gmt":"2025-11-30T16:57:31","slug":"editorial","status":"publish","type":"page","link":"https:\/\/www.plandaten.de\/chronofiles\/editorial\/","title":{"rendered":"Editorial"},"content":{"rendered":"\n<h3 class=\"wp-block-heading\">Wie erf\u00fcllt man sich den \u00d6kotraum vom autarken, solaren Wohnen?<\/h3>\n\n\n\n<p>Durch umfassende Planung! Das Konzept \u201esun-box Solarhaus\u201c,  vor \u00fcber 30 Jahren skizziert und bis heute stetig weiter entwickelt und erforscht, kann sich noch immer mit den modernen sogenannten Effizienzh\u00e4usern der Klasse A messen. Unsere Essaysammlung gibt Einblicke in die Welt der sun-box, in bioklimatische Solararchitektur, Architektur, Lifestyle, Low-Tech und High-Tech, \u201edas Prinzip sun-box\u201c und das Wohnen im 21. Jahrhundert. Geschichten aus dem Wohnlabor \u00fcber Scheitern, Erfolg und Erkenntnis.<\/p>\n\n\n\n<h3 class=\"wp-block-heading\">Richard Buckminster Fuller (RBF) ist Universalist.<\/h3>\n\n\n\n<p>Im Laufe eines Lebens sammeln sich viele Informationen an &#8211; das Wissen wird stetig erweitert &#8211; die Erfahrungen wachsen. Der Reichtum an Wissen vergr\u00f6\u00dfert sich. Aber nur wenn es konserviert wird. Sonst geht es verloren.<\/p>\n\n\n\n<p><a rel=\"noreferrer noopener\" href=\"https:\/\/de.wikipedia.org\/wiki\/Richard_Buckminster_Fuller\" target=\"_blank\">RBF<\/a> hat fast sein Leben lang alles was er erlebte, Briefe die er schrieb oder bekam, Rechnungen, Skizzen, Zeitungsausschnitte, Fotografien, \u00dcberlegungen, Pl\u00e4ne, Ideen, Erfindungen und Projekte chronologisch, also auf einem Zeitstrahl, geordnet und archiviert [1].<\/p>\n\n\n\n<p>Dieses \u201eLebenslogbuch\u201c, das \u201echronofile\u201c war irgendwann un\u00fcberschaubar (ca. 750 Einheiten von dicken B\u00fcchern oder Ablageboxen), und die alphabetisch geordnete Kartei mit <strong>13.500<\/strong> 5&#215;8-Zoll-<strong>Karteikarten<\/strong> mit Querverweisen machte es f\u00fcr uns alle nicht wirklich n\u00fctzlicher. Man h\u00e4tte RBF sein m\u00fcssen um seine Erkenntnisse in G\u00e4nze zu \u00fcbersehen. Dennoch war <strong>seine Botschaft<\/strong>, f\u00fcr Jede und Jeden der diese erkennen wollte, klar ersichtlich (und in zahlreichen B\u00fcchern und Essays dokumentiert): <strong>Wir fliegen mit unserem kleinem Raumschiff Erde rasend schnell durchs All<\/strong>. Die fossilen Energien die im Raumschiff eingelagert sind, sind nur eine \u201eStarter Batterie\u201c. Wir m\u00fcssen damit so schnell wie m\u00f6glich auf nachhaltige, unersch\u00f6pfliche Energieversorgung durch Wind, Gezeiten, Wasser und Sonne umsteigen. Nur dadurch kann eine Verw\u00fcstung und Zerst\u00f6rung unseres Lebensraumes verhindert werden [2].<\/p>\n\n\n\n<p>Erkenntnisse wie: Grenzen des Wachstums (postuliert 1972 vom Club of Rome), think global act local (aufgenommen von der Whole Earth Bewegung ab 1968), Notwendigkeit eines resourcenschonenden \u201eurban mining\u201c hat er vorweggenommen.<\/p>\n\n\n\n<p>Fuller war zwar nicht der Erfinder des Internets (hat es aber vorausgeahnt in \u201eDas totale Kommunikationssystem des Menschen\u201c), aber im Grunde hat er mit seinem chronofile die heute allgegenw\u00e4rtigen Blogs und Instagram-Postings vorweggenommen. Chronologisch aufeinanderfolgende Texte, Dokumente und Fotos- ein immer w\u00e4hrender Stream von wachsendem Wissen, das an einem vorbeirauscht.<\/p>\n\n\n\n<p>Gleichwohl war RBF, der sich selbst von aussen als Versuchskaninchen betrachtete, durch seinen umfassenden Logbuch-Ansatz gescheitert. Ein \u201eUser\u201c h\u00e4tte alle \u201eRecords\u201c durchforsten m\u00fcssen um sich sein gesamtes gesammeltes Wissen einzuverleiben. Erst zum Ende seiner Arbeit gab es Computer mit denen man mit Tags oder Volltextsuche alles finden k\u00f6nnte was interessant oder n\u00fctzlich ist, wenn diese vorher entsprechend gef\u00fcttert wurden.<\/p>\n\n\n\n<h3 class=\"wp-block-heading\"><strong>Warum chronofiles?<\/strong><\/h3>\n\n\n\n<p>Ich habe etwas weniger konsequent als RBF begonnen alles zu archivieren was mich bewegte, interessierte oder sonst irgendwie \u201ewichtig\u201c war &#8211; aber ein gro\u00dfer Teil meiner Erfahrungen, Erlebnisse, Erfindungen, Entwicklungen und Projekte ist noch verf\u00fcgbar dokumentiert, und ich will dieses Know-How in diesen Blog fliessen lassen.<\/p>\n\n\n\n<p>Dabei sollen nicht nur neue Eintr\u00e4ge erstellt, sondern mein Archiv&nbsp;retrospektiv beackert, ggf. interpretiert und wieder neu in den Lebens-Stream eingespeist werden.&nbsp;Ein Experiment mit ungewissem Ausgang [5].<\/p>\n\n\n\n<p><strong>Es soll keine lineare chronologische Erz\u00e4hlung \u00fcber die sun-box, sondern ein Gesamtbild inclusive der Hintergr\u00fcnde eines nachhaltigen, CO2-reduzierten,  \u00f6kologischen Wohnens entstehen. Die Kapitel sollen in beliebiger Reihenfolge gelesen werden k\u00f6nnen- eine moderne, internet-gepr\u00e4gte, essayistische Form des Sachbuches.<\/strong>&nbsp;Mit der Zeit werden sich mehrere Essay-Str\u00e4nge ohne Zeitstrahl herausbilden, die kategorisiert und verschlagwortet, durchsucht werden k\u00f6nnen- eben mehrere chronofiles, die sich hoffentlich holistisch f\u00fcgen.<\/p>\n\n\n\n<p><strong>Meine Botschaft<\/strong> ist: 100% Erneuerbare sind m\u00f6glich mit Null-Emission und Net-Zero [3]. Und dies mit einem hohen Grad an Komfort und Behaglichkeit , wie wir in der sun-box jeden Tag erleben d\u00fcrfen. <\/p>\n\n\n\n<p>M\u00f6gen Interessierte mit dem ein oder anderen Blogeintrag, ihr Vergn\u00fcgen haben, zu weiteren Nachforschungen angeregt werden, ihr Wissen erweitern und selbst zu einer besseren Welt beitragen [4].<\/p>\n\n\n\n<p><strong>Viel Spass dabei, noch ist es nicht zu sp\u00e4t!<\/strong><\/p>\n\n\n\n<p>Harald Brosi im Juni 2023<\/p>\n\n\n\n<p>Weiterf\u00fchrende Quellen <\/p>\n\n\n\n<p>[1] Your Private Sky, R.Buckminster Fuller, Design als Kunst einer Wissenschaft, Hrsg. Joachim Krause, Claude Lichtenstein, Verlag Lars M\u00fcller, Museum f\u00fcr Gestaltung Z\u00fcrich, 2.Aufl. 2000<\/p>\n\n\n\n<p>[2] Bedienungsanleitung f\u00fcr das Raumschiff Erde und andere Schriften, R.Buckminster Fuller, Hrsg.Joachim Krause, Verlag der Kunst, 1998, insbesondere S. 110 ff<\/p>\n\n\n\n<p>[3] siehe hierzu auch meinen ersten <a rel=\"noreferrer noopener\" href=\"https:\/\/www.plandaten.de\/chronofiles\/2023\/06\/08\/die-sun-box-bilanz-nach-dreissig-jahren-null-emissionen-und-net-zero\/\" target=\"_blank\">Blogeintrag<\/a> (der chronologisch betrachtet eigentlich der letzte ist)<\/p>\n\n\n\n<p>[4] S\u00fcddeutsche SZplus, 17.06.23 in einem Online-Artikel \u00fcber Yasmeen Lari Architektin, Pakistan <em>\u201eDoch was es wirklich braucht, ist eine Revolution in der Lehre. Man muss die komplette Ausbildung auf den Kopf stellen, damit die junge Generation lernt, wie sie diesen Planeten nicht mehr mit ihren Entw\u00fcrfen zerst\u00f6rt, sondern sch\u00fctzt.\u201c<\/em><\/p>\n\n\n\n<p>[5] Manche <a rel=\"noreferrer noopener\" href=\"https:\/\/www.cjfearnley.com\/CfC\/2021\/10\/chronofiles-data-mining-your-life-for-comprehensive-thinking\/\" target=\"_blank\">RBF Experten<\/a> stellen zur Diskussion ob das chronofile gar ein Nachfolger von Dantes \u201eLa Vita Nueva\u201c sei. Zitat Dante:<em> \u201eIn jenem Teile <strong>des Buches meiner Erinnerung<\/strong>, vor welchem nur wenig zu lesen ist, findet sich eine \u00dcberschrift, die da lautet:&nbsp;Hier beginnt das neue Leben. Und unter dieser \u00dcberschrift finde ich Worte, welche ich in diesem B\u00fcchlein nachzuzeichnen gedenke, und wenn nicht alle Worte, so doch wenigstens ihren Sinn und Inhalt\u201c<\/em>. CJ Fearnly (gest.2022) zeigt mit einer umfassenden Darstellung zu chronofiles welchen Nutzen wir Menschen daraus ziehen k\u00f6nnen. Ich m\u00f6chte mich seiner Interpretation in gro\u00dfen Teilen anschliessen, und den verlinkten Text als nachtr\u00e4gliche theoretische Begr\u00fcndung meiner eigenen chronofiles anf\u00fchren. Zitat CJ Fearnly:<em> \u201eA Chronofile is a tool for understanding our lives because the planning and judgment that goes into building, maintaining, and reviewing it gives us a new view of our life to help us better see how we intersect with the world\u2026. A Chronofile is also a tool for understanding the world. Each of us needs to understand the world we are thrown into by birth\u201c<\/em>.&nbsp;<\/p>\n\n\n\n<p><\/p>\n\n\n\n<p><\/p>\n\n\n\n<p><\/p>\n\n\n\n<p><\/p>\n","protected":false},"excerpt":{"rendered":"<p>Wie erf\u00fcllt man sich den \u00d6kotraum vom autarken, solaren Wohnen? Durch umfassende Planung! Das Konzept \u201esun-box Solarhaus\u201c, vor \u00fcber 30 Jahren skizziert und bis heute stetig weiter entwickelt und erforscht, kann sich noch immer mit den modernen sogenannten Effizienzh\u00e4usern der Klasse A messen. Unsere Essaysammlung gibt Einblicke in die Welt der sun-box, in bioklimatische Solararchitektur,&#8230; <a class=\"more-link\" href=\"https:\/\/www.plandaten.de\/chronofiles\/editorial\/\">[&#8230;]<\/a><\/p>\n","protected":false},"author":1,"featured_media":0,"parent":0,"menu_order":0,"comment_status":"closed","ping_status":"closed","template":"","meta":[],"_links":{"self":[{"href":"https:\/\/www.plandaten.de\/chronofiles\/wp-json\/wp\/v2\/pages\/13"}],"collection":[{"href":"https:\/\/www.plandaten.de\/chronofiles\/wp-json\/wp\/v2\/pages"}],"about":[{"href":"https:\/\/www.plandaten.de\/chronofiles\/wp-json\/wp\/v2\/types\/page"}],"author":[{"embeddable":true,"href":"https:\/\/www.plandaten.de\/chronofiles\/wp-json\/wp\/v2\/users\/1"}],"replies":[{"embeddable":true,"href":"https:\/\/www.plandaten.de\/chronofiles\/wp-json\/wp\/v2\/comments?post=13"}],"version-history":[{"count":48,"href":"https:\/\/www.plandaten.de\/chronofiles\/wp-json\/wp\/v2\/pages\/13\/revisions"}],"predecessor-version":[{"id":1225,"href":"https:\/\/www.plandaten.de\/chronofiles\/wp-json\/wp\/v2\/pages\/13\/revisions\/1225"}],"wp:attachment":[{"href":"https:\/\/www.plandaten.de\/chronofiles\/wp-json\/wp\/v2\/media?parent=13"}],"curies":[{"name":"wp","href":"https:\/\/api.w.org\/{rel}","templated":true}]}}