{"id":14,"date":"2020-03-28T12:10:40","date_gmt":"2020-03-28T11:10:40","guid":{"rendered":"http:\/\/www.plandaten.de\/chronofiles\/?page_id=14"},"modified":"2024-04-23T20:15:01","modified_gmt":"2024-04-23T18:15:01","slug":"impressum","status":"publish","type":"page","link":"https:\/\/www.plandaten.de\/chronofiles\/impressum\/","title":{"rendered":"Impressum"},"content":{"rendered":"\n<p>WEBSEITENBETREIBER<br>Dipl.-Ing. (FH) Harald Brosi<br>Gregor-Mendel-Str. 34<br>86529 Schrobenhausen<\/p>\n\n\n\n<p>Tel +49 8252 81761<br>hbrosi@sun-box.de<br>Fax +49 8252 907146<\/p>\n\n\n\n<p>www.sun-box.de, www.planbrosi.de<\/p>\n\n\n\n<p>Steuernummer 159\/207\/70506<br>VERANTWORTLICH F\u00dcR REDAKTIONELLE INHALTE UND FOTOS<br>Harald Brosi<br>BERUFSBEZEICHNUNG<br>Dipl.-Ing. (FH)<br>FH M\u00fcnchen, Deutschland<br>Fachrichtung: Bauingenieurwesen, konstruktiver Ingenieurbau<br>uneingeschr\u00e4nkt bauvorlageberechtigt nach BayBO<br>Nachweisberechtigung f\u00fcr Standsicherheit (BayIK #50029)<br>Sachverst\u00e4ndiger nach \u00a7 3 Abs. 1 der AVEn (BayIK #50029)<br>AUFSICHTSBEH\u00d6RDE (LISTENF\u00dcHRUNG)<br>Bayerische Ingenieurekammer Bau<br>Nymphenburgerstr. 5<br>80335 M\u00fcnchen<br>BERUFSHAFTPFLICHTVERSICHERUNG<br>Haftpflichtversichert bei: Bayerischer Versicherungsverband Versicherungs-AG, Versicherungskammer Bayern<\/p>\n\n\n\n<p>Ansprechpartner: Planaring GmbH, 0911\/554412<\/p>\n\n\n\n<p>Versicherungsschutz: 3 Mio Personensch\u00e4den, 1 Mio sonstige Sch\u00e4den, Europa und Ausland, ausgenommen USA\/Kanada<\/p>\n\n\n\n<p>BERUFSRECHTLICHE REGELUNGEN<br>HOAI, Landesbauordnung BayBO<br><\/p>\n","protected":false},"excerpt":{"rendered":"<p>WEBSEITENBETREIBERDipl.-Ing. (FH) Harald BrosiGregor-Mendel-Str. 3486529 Schrobenhausen Tel +49 8252 81761hbrosi@sun-box.deFax +49 8252 907146 www.sun-box.de, www.planbrosi.de Steuernummer 159\/207\/70506VERANTWORTLICH F\u00dcR REDAKTIONELLE INHALTE UND FOTOSHarald BrosiBERUFSBEZEICHNUNGDipl.-Ing. (FH)FH M\u00fcnchen, DeutschlandFachrichtung: Bauingenieurwesen, konstruktiver Ingenieurbauuneingeschr\u00e4nkt bauvorlageberechtigt nach BayBONachweisberechtigung f\u00fcr Standsicherheit (BayIK #50029)Sachverst\u00e4ndiger nach \u00a7 3 Abs. 1 der AVEn (BayIK #50029)AUFSICHTSBEH\u00d6RDE (LISTENF\u00dcHRUNG)Bayerische Ingenieurekammer BauNymphenburgerstr. 580335 M\u00fcnchenBERUFSHAFTPFLICHTVERSICHERUNGHaftpflichtversichert bei: Bayerischer Versicherungsverband Versicherungs-AG, Versicherungskammer&#8230; <a class=\"more-link\" href=\"https:\/\/www.plandaten.de\/chronofiles\/impressum\/\">[&#8230;]<\/a><\/p>\n","protected":false},"author":1,"featured_media":0,"parent":0,"menu_order":0,"comment_status":"closed","ping_status":"closed","template":"","meta":[],"_links":{"self":[{"href":"https:\/\/www.plandaten.de\/chronofiles\/wp-json\/wp\/v2\/pages\/14"}],"collection":[{"href":"https:\/\/www.plandaten.de\/chronofiles\/wp-json\/wp\/v2\/pages"}],"about":[{"href":"https:\/\/www.plandaten.de\/chronofiles\/wp-json\/wp\/v2\/types\/page"}],"author":[{"embeddable":true,"href":"https:\/\/www.plandaten.de\/chronofiles\/wp-json\/wp\/v2\/users\/1"}],"replies":[{"embeddable":true,"href":"https:\/\/www.plandaten.de\/chronofiles\/wp-json\/wp\/v2\/comments?post=14"}],"version-history":[{"count":21,"href":"https:\/\/www.plandaten.de\/chronofiles\/wp-json\/wp\/v2\/pages\/14\/revisions"}],"predecessor-version":[{"id":799,"href":"https:\/\/www.plandaten.de\/chronofiles\/wp-json\/wp\/v2\/pages\/14\/revisions\/799"}],"wp:attachment":[{"href":"https:\/\/www.plandaten.de\/chronofiles\/wp-json\/wp\/v2\/media?parent=14"}],"curies":[{"name":"wp","href":"https:\/\/api.w.org\/{rel}","templated":true}]}}