{"id":213,"date":"2022-10-25T10:38:01","date_gmt":"2022-10-25T08:38:01","guid":{"rendered":"https:\/\/www.plandaten.de\/chronofiles\/?page_id=213"},"modified":"2024-04-29T15:01:12","modified_gmt":"2024-04-29T13:01:12","slug":"copyright","status":"publish","type":"page","link":"https:\/\/www.plandaten.de\/chronofiles\/copyright\/","title":{"rendered":"Copyright"},"content":{"rendered":"\n<p>Die durch die Seitenbetreiber und Autorinnen erstellten Inhalte und Abbildungen auf diesen Seiten unterliegen dem deutschen Urheberrecht.<\/p>\n\n\n\n<p>Die Vervielf\u00e4ltigung, Bearbeitung, Verbreitung und jede Art der Verwertung au\u00dferhalb der Grenzen des Urheberrechtes bed\u00fcrfen der Zustimmung des jeweiligen Autors bzw. Erstellers. Kopien dieser Seiten sind f\u00fcr den <strong>privaten, nicht kommerziellen Gebrauch und f\u00fcr die Verwendung in Presseberichten (mit Copyrighthinweis) ohne R\u00fcckfrage<\/strong> gestattet. <\/p>\n\n\n\n<p><strong>Digitale Download-Angebote<\/strong> d\u00fcrfen, auch auszugsweise oder als direkter Link, nur mit unserer <strong>ausdr\u00fccklichen Zustimmung<\/strong> an Dritte weitergegeben oder verkauft werden.<\/p>\n\n\n\n<p><strong>Verlinkungen auf unsere Blog-Artikel<\/strong> sind uneingeschr\u00e4nkt erlaubt.<\/p>\n\n\n\n<p><strong>Text- und Bildzitate <\/strong>(sofern es sich um Text\/Bildmaterial von Harald Brosi handelt), auch f\u00fcr kommerzielle Zwecke (z.B. in Blogs), <strong>sind ausdr\u00fccklich erw\u00fcnscht und erlaubt<\/strong> <strong>im Rahmen des Zitatrechts<\/strong> (siehe [1]), sofern diese Harald Brosi zugeschrieben werden und ein Link auf <a rel=\"noreferrer noopener\" href=\"http:\/\/chronofiles.sun-box.de\" target=\"_blank\">chronofiles.sun-box.de<\/a> angef\u00fchrt wird.<\/p>\n\n\n\n<p>Soweit die Inhalte auf dieser Seite nicht vom Betreiber erstellt wurden, sind die Urheberrechte Dritter zu beachten. Text- und Bildzitate Dritter werden von uns als solche gekennzeichnet und [1] <strong>nur zur Begr\u00fcndung, Vertiefung, und zum Verst\u00e4ndnis des Inhalts<\/strong> eines Blogbeitrags aufgef\u00fchrt. <\/p>\n\n\n\n<p>Sollten Sie auf eine Urheberrechtsverletzung auf diesen Seiten aufmerksam werden, bitten wir um einen entsprechenden Hinweis. Wir werden derartige Inhalte dann umgehend entfernen.<\/p>\n\n\n\n<p><\/p>\n\n\n\n<p class=\"has-small-font-size\"><\/p>\n\n\n\n<p class=\"has-normal-font-size\"><\/p>\n\n\n\n<p class=\"has-normal-font-size\"><\/p>\n\n\n\n<p><\/p>\n\n\n\n<p><\/p>\n","protected":false},"excerpt":{"rendered":"<p>Die durch die Seitenbetreiber und Autorinnen erstellten Inhalte und Abbildungen auf diesen Seiten unterliegen dem deutschen Urheberrecht. Die Vervielf\u00e4ltigung, Bearbeitung, Verbreitung und jede Art der Verwertung au\u00dferhalb der Grenzen des Urheberrechtes bed\u00fcrfen der Zustimmung des jeweiligen Autors bzw. Erstellers. Kopien dieser Seiten sind f\u00fcr den privaten, nicht kommerziellen Gebrauch und f\u00fcr die Verwendung in Presseberichten&#8230; <a class=\"more-link\" href=\"https:\/\/www.plandaten.de\/chronofiles\/copyright\/\">[&#8230;]<\/a><\/p>\n","protected":false},"author":1,"featured_media":0,"parent":0,"menu_order":0,"comment_status":"closed","ping_status":"closed","template":"","meta":[],"_links":{"self":[{"href":"https:\/\/www.plandaten.de\/chronofiles\/wp-json\/wp\/v2\/pages\/213"}],"collection":[{"href":"https:\/\/www.plandaten.de\/chronofiles\/wp-json\/wp\/v2\/pages"}],"about":[{"href":"https:\/\/www.plandaten.de\/chronofiles\/wp-json\/wp\/v2\/types\/page"}],"author":[{"embeddable":true,"href":"https:\/\/www.plandaten.de\/chronofiles\/wp-json\/wp\/v2\/users\/1"}],"replies":[{"embeddable":true,"href":"https:\/\/www.plandaten.de\/chronofiles\/wp-json\/wp\/v2\/comments?post=213"}],"version-history":[{"count":16,"href":"https:\/\/www.plandaten.de\/chronofiles\/wp-json\/wp\/v2\/pages\/213\/revisions"}],"predecessor-version":[{"id":902,"href":"https:\/\/www.plandaten.de\/chronofiles\/wp-json\/wp\/v2\/pages\/213\/revisions\/902"}],"wp:attachment":[{"href":"https:\/\/www.plandaten.de\/chronofiles\/wp-json\/wp\/v2\/media?parent=213"}],"curies":[{"name":"wp","href":"https:\/\/api.w.org\/{rel}","templated":true}]}}