{"id":826,"date":"2024-04-24T14:24:14","date_gmt":"2024-04-24T12:24:14","guid":{"rendered":"https:\/\/www.plandaten.de\/chronofiles\/?page_id=826"},"modified":"2025-08-27T14:45:41","modified_gmt":"2025-08-27T12:45:41","slug":"registrierung","status":"publish","type":"page","link":"https:\/\/www.plandaten.de\/chronofiles\/registrierung\/","title":{"rendered":"Registrierung"},"content":{"rendered":"\n<p>Registrieren Sie sich f\u00fcr einen Zeitpass (12 Monate) \u201efor members only\u201c. <\/p>\n\n\n\n<figure class=\"wp-block-image size-full is-resized is-style-rounded\"><img decoding=\"async\" loading=\"lazy\" src=\"https:\/\/www.plandaten.de\/chronofiles\/wp-content\/uploads\/2025\/08\/IMG_4753.jpeg\" alt=\"\" class=\"wp-image-1020\" width=\"187\" height=\"59\" srcset=\"https:\/\/www.plandaten.de\/chronofiles\/wp-content\/uploads\/2025\/08\/IMG_4753.jpeg 389w, https:\/\/www.plandaten.de\/chronofiles\/wp-content\/uploads\/2025\/08\/IMG_4753-300x93.jpeg 300w\" sizes=\"(max-width: 187px) 100vw, 187px\" \/><\/figure>\n\n\n\n<p><strong>Senden Sie einfach \u20ac50.\u2014 an hbrosi@sun-box.de. Betreff: Zeitpass 12 Monate [Ihre-email-Adresse].<\/strong><\/p>\n\n\n\n<p>Oder via PayPal:<\/p>\n\n\n\n<form action=\"https:\/\/www.paypal.com\/cgi-bin\/webscr\" method=\"post\" ><input type=\"hidden\" name=\"charset\" value=\"utf-8\"><input type=\"hidden\" name=\"cmd\" value=\"_xclick\"><input type=\"hidden\" name=\"business\" value=\"hbrosi@PLANBROSI.de\"><input type=\"hidden\" name=\"item_name\" value=\"Zeitpass\"><input type=\"hidden\" name=\"amount\" value=\"50.00\"><input type=\"hidden\" name=\"currency_code\" value=\"EUR\"><input type=\"hidden\" name=\"notify_url\" value=\"https:\/\/www.plandaten.de\/chronofiles\/?wp_paypal_ipn=1\"><input type=\"hidden\" name=\"bn\" value=\"WPPayPal_BuyNow_WPS_US\"><input type=\"submit\" value=\"Zeitpass kaufen\"><\/form>\n\n\n\n<p><strong>Sie erhalten unbegrenzten Lese- und Downloadzugriff f\u00fcr ein Jahr<\/strong>. Der Zeitpass endet automatisch (kein Abo).<\/p>\n\n\n\n<p>Unser Angebot ist grunds\u00e4tzlich werbefrei, Sie bezahlen nicht mit Ihren Daten und wir tracken nicht.<\/p>\n\n\n\n<p>Ihre Zugangsdaten senden wir an die angegebene email-Adresse. <\/p>\n\n\n\n<p>Ihre Mailadresse sowie Vor- und Nachname werden nebst Ihrem (selbst bestimmbaren) Passwort gesichert. <\/p>\n\n\n\n<p>Sie k\u00f6nnen anschlie\u00dfend auch Blogbeitr\u00e4ge kommentieren (beachten Sie hierzu unsere Datenschutzbestimmungen) und mit uns diskutieren.<\/p>\n\n\n\n<p>Ab und an erhalten Sie auch nach Ablauf des Zeitpasses weiter einen kostenlosen Newsletter (Abmeldung jederzeit m\u00f6glich).<\/p>\n","protected":false},"excerpt":{"rendered":"<p>Registrieren Sie sich f\u00fcr einen Zeitpass (12 Monate) \u201efor members only\u201c. Senden Sie einfach \u20ac50.\u2014 an hbrosi@sun-box.de. Betreff: Zeitpass 12 Monate [Ihre-email-Adresse]. Oder via PayPal: Sie erhalten unbegrenzten Lese- und Downloadzugriff f\u00fcr ein Jahr. Der Zeitpass endet automatisch (kein Abo). Unser Angebot ist grunds\u00e4tzlich werbefrei, Sie bezahlen nicht mit Ihren Daten und wir tracken nicht&#8230;. <a class=\"more-link\" href=\"https:\/\/www.plandaten.de\/chronofiles\/registrierung\/\">[&#8230;]<\/a><\/p>\n","protected":false},"author":1,"featured_media":0,"parent":0,"menu_order":0,"comment_status":"closed","ping_status":"closed","template":"","meta":[],"_links":{"self":[{"href":"https:\/\/www.plandaten.de\/chronofiles\/wp-json\/wp\/v2\/pages\/826"}],"collection":[{"href":"https:\/\/www.plandaten.de\/chronofiles\/wp-json\/wp\/v2\/pages"}],"about":[{"href":"https:\/\/www.plandaten.de\/chronofiles\/wp-json\/wp\/v2\/types\/page"}],"author":[{"embeddable":true,"href":"https:\/\/www.plandaten.de\/chronofiles\/wp-json\/wp\/v2\/users\/1"}],"replies":[{"embeddable":true,"href":"https:\/\/www.plandaten.de\/chronofiles\/wp-json\/wp\/v2\/comments?post=826"}],"version-history":[{"count":29,"href":"https:\/\/www.plandaten.de\/chronofiles\/wp-json\/wp\/v2\/pages\/826\/revisions"}],"predecessor-version":[{"id":1030,"href":"https:\/\/www.plandaten.de\/chronofiles\/wp-json\/wp\/v2\/pages\/826\/revisions\/1030"}],"wp:attachment":[{"href":"https:\/\/www.plandaten.de\/chronofiles\/wp-json\/wp\/v2\/media?parent=826"}],"curies":[{"name":"wp","href":"https:\/\/api.w.org\/{rel}","templated":true}]}}